{"id":2,"date":"2016-05-10T03:48:21","date_gmt":"2016-05-10T03:48:21","guid":{"rendered":"http:\/\/haase-onscreen.de\/?page_id=2"},"modified":"2023-08-21T20:09:08","modified_gmt":"2023-08-21T20:09:08","slug":"sample-page","status":"publish","type":"page","link":"https:\/\/haase-onscreen.de\/?page_id=2","title":{"rendered":"Vita"},"content":{"rendered":"<p>[et_pb_section fb_built=&#8220;1&#8243; _builder_version=&#8220;4.16&#8243; global_colors_info=&#8220;{}&#8220;][et_pb_row _builder_version=&#8220;4.21.0&#8243; background_size=&#8220;initial&#8220; background_position=&#8220;top_left&#8220; background_repeat=&#8220;repeat&#8220; global_colors_info=&#8220;{}&#8220;][et_pb_column type=&#8220;4_4&#8243; _builder_version=&#8220;4.16&#8243; custom_padding=&#8220;|||&#8220; global_colors_info=&#8220;{}&#8220; custom_padding__hover=&#8220;|||&#8220;][et_pb_image src=&#8220;https:\/\/haase-onscreen.de\/wp-content\/uploads\/2018\/03\/cropped-mario_haase_web.jpg&#8220; title_text=&#8220;cropped-mario_haase_web.jpg&#8220; align=&#8220;center&#8220; src_tablet=&#8220;https:\/\/haase-onscreen.de\/wp-content\/uploads\/2018\/03\/cropped-mario_haase_web.jpg&#8220; src_phone=&#8220;https:\/\/haase-onscreen.de\/wp-content\/uploads\/2018\/03\/cropped-mario_haase_web.jpg&#8220; src_last_edited=&#8220;on|desktop&#8220; align_tablet=&#8220;center&#8220; align_phone=&#8220;center&#8220; align_last_edited=&#8220;on|desktop&#8220; _builder_version=&#8220;4.21.0&#8243; _module_preset=&#8220;default&#8220; global_colors_info=&#8220;{}&#8220;][\/et_pb_image][et_pb_text _builder_version=&#8220;4.21.0&#8243; background_size=&#8220;initial&#8220; background_position=&#8220;top_left&#8220; background_repeat=&#8220;repeat&#8220; hover_enabled=&#8220;0&#8243; global_colors_info=&#8220;{}&#8220; sticky_enabled=&#8220;0&#8243;]<\/p>\n<p>&nbsp;<\/p>\n<p><strong>MARIO HAASE<br \/><\/strong><\/p>\n<ul>\n<li>(*1963), lebt und arbeitet im Umkreis von Bielefeld.<\/li>\n<li>Hat sich schon als Kind besonders f\u00fcr die fehlbelichteten und verwackelten Fotos begeistert, die es nicht ins Familienalbum geschafft haben.<\/li>\n<li>Erlernte die Fotografie zun\u00e4chst autodidaktisch mit der ersten eigenen Kamera und einer eigenen Dunkelkammer ab dem 15. Lebensjahr.<\/li>\n<li>Nach dem Zivildienst folgte eine solide Ausbildung und Berufserfahrung in der Heilp\u00e4dagogik.<\/li>\n<li>1992 nahm er das Studium der Visuellen Kommunikation mit dem Schwerpunkt Fotografie an der Fachhochshule Bielefeld auf und erwarb 1999 seinen Abschluss als Diplomdesigner (Dipl.-Des. FH)<\/li>\n<li>W\u00e4hrend des Studiums zahlreiche Reisen und Pr\u00e4sentationen von Reise-Bild-Vortr\u00e4gen.<\/li>\n<li>Seit 2001 beruflich als Mediendesigner und Fotograf in Unternehmenskommunikation und Marketing der v. Bodelschwinghschen Stiftungen Bethel.<\/li>\n<li>Seit 2018 erste Einzelausstellungen mit freien k\u00fcnstlerischen Arbeiten.<\/li>\n<\/ul>\n<p>&nbsp;<\/p>\n<p><span style=\"color: #666699;\"><strong>\u00a0<\/strong><\/span><\/p>\n<p>&nbsp;<\/p>\n<p>&nbsp;<\/p>\n<p>&nbsp;<\/p>\n<p>&nbsp;<\/p>\n<p>&nbsp;<\/p>\n<p>[\/et_pb_text][\/et_pb_column][\/et_pb_row][\/et_pb_section]<\/p>\n","protected":false},"excerpt":{"rendered":"<p>&nbsp; MARIO HAASE (*1963), lebt und arbeitet im Umkreis von Bielefeld. Hat sich schon als Kind besonders f\u00fcr die fehlbelichteten und verwackelten Fotos begeistert, die es nicht ins Familienalbum geschafft haben. Erlernte die Fotografie zun\u00e4chst autodidaktisch mit der ersten eigenen Kamera und einer eigenen Dunkelkammer ab dem 15. Lebensjahr. Nach dem Zivildienst folgte eine solide [&hellip;]<\/p>\n","protected":false},"author":1,"featured_media":36,"parent":0,"menu_order":0,"comment_status":"closed","ping_status":"open","template":"","meta":{"_et_pb_use_builder":"on","_et_pb_old_content":"","_et_gb_content_width":"","footnotes":""},"class_list":["post-2","page","type-page","status-publish","has-post-thumbnail","hentry"],"_links":{"self":[{"href":"https:\/\/haase-onscreen.de\/index.php?rest_route=\/wp\/v2\/pages\/2","targetHints":{"allow":["GET"]}}],"collection":[{"href":"https:\/\/haase-onscreen.de\/index.php?rest_route=\/wp\/v2\/pages"}],"about":[{"href":"https:\/\/haase-onscreen.de\/index.php?rest_route=\/wp\/v2\/types\/page"}],"author":[{"embeddable":true,"href":"https:\/\/haase-onscreen.de\/index.php?rest_route=\/wp\/v2\/users\/1"}],"replies":[{"embeddable":true,"href":"https:\/\/haase-onscreen.de\/index.php?rest_route=%2Fwp%2Fv2%2Fcomments&post=2"}],"version-history":[{"count":26,"href":"https:\/\/haase-onscreen.de\/index.php?rest_route=\/wp\/v2\/pages\/2\/revisions"}],"predecessor-version":[{"id":1912,"href":"https:\/\/haase-onscreen.de\/index.php?rest_route=\/wp\/v2\/pages\/2\/revisions\/1912"}],"wp:featuredmedia":[{"embeddable":true,"href":"https:\/\/haase-onscreen.de\/index.php?rest_route=\/wp\/v2\/media\/36"}],"wp:attachment":[{"href":"https:\/\/haase-onscreen.de\/index.php?rest_route=%2Fwp%2Fv2%2Fmedia&parent=2"}],"curies":[{"name":"wp","href":"https:\/\/api.w.org\/{rel}","templated":true}]}}