{"id":1361,"date":"2018-04-11T20:42:25","date_gmt":"2018-04-11T20:42:25","guid":{"rendered":"http:\/\/haase-onscreen.de\/?page_id=1361"},"modified":"2023-08-21T20:14:43","modified_gmt":"2023-08-21T20:14:43","slug":"datenschutz","status":"publish","type":"page","link":"https:\/\/haase-onscreen.de\/?page_id=1361","title":{"rendered":"Datenschutz"},"content":{"rendered":"<p>[et_pb_section fb_built=&#8220;1&#8243; admin_label=&#8220;section&#8220; _builder_version=&#8220;4.16&#8243; global_colors_info=&#8220;{}&#8220;][et_pb_row admin_label=&#8220;row&#8220; _builder_version=&#8220;4.16&#8243; background_size=&#8220;initial&#8220; background_position=&#8220;top_left&#8220; background_repeat=&#8220;repeat&#8220; global_colors_info=&#8220;{}&#8220;][et_pb_column type=&#8220;4_4&#8243; _builder_version=&#8220;4.16&#8243; custom_padding=&#8220;|||&#8220; global_colors_info=&#8220;{}&#8220; custom_padding__hover=&#8220;|||&#8220;][et_pb_text admin_label=&#8220;Text&#8220; _builder_version=&#8220;4.16&#8243; background_size=&#8220;initial&#8220; background_position=&#8220;top_left&#8220; background_repeat=&#8220;repeat&#8220; global_colors_info=&#8220;{}&#8220;]<\/p>\n<div id=\"c8281\" class=\"csc-default\">\n<h4>Rechtlicher Hinweis nach \u00a7 5 Telemediengesetz (TMG) und \u00a7 55 Staatsvertrag \u00fcber Rundfunk und Telemedien (RStV)<\/h4>\n<\/div>\n<div id=\"c8283\" class=\"csc-default\">\n<div class=\"csc-header csc-header-n2\">\n<h1>Datenschutz<\/h1>\n<\/div>\n<p class=\"bodytext\"><strong>Geltungsbereich:<\/strong><br \/>Diese Datenschutzerkl\u00e4rung kl\u00e4rt Nutzer \u00fcber die Art, den Umfang und Zwecke der Erhebung und Verwendung personenbezogener Daten durch den verantwortlichen Anbieter<\/p>\n<p class=\"bodytext\">Mario Haase<br \/>Friedrichstr. 15<br \/>33824 Werther<br \/>Tel.: +49 170.1465434<br \/>E-Mail: <a href=\"mailto:mail@mario-haase.de\">mail@mario-haase.de<\/a><\/p>\n<p class=\"bodytext\"><strong>Zugriffsdaten \/ Server-Logfiles:<\/strong><br \/>Der Anbieter (beziehungsweise sein Webspace-Provider) erhebt Daten \u00fcber jeden Zugriff auf das Angebot (so genannte Serverlogfiles). Zu den Zugriffsdaten geh\u00f6ren:<\/p>\n<p class=\"bodytext\">Name der abgerufenen Webseite, Datei, Datum und Uhrzeit des Abrufs, \u00fcbertragene Datenmenge, Meldung \u00fcber erfolgreichen Abruf, Browsertyp nebst Version, das Betriebssystem des Nutzers, Referrer URL (die zuvor besuchte Seite), IP-Adresse und der anfragende Provider.<\/p>\n<p class=\"bodytext\">Der Anbieter verwendet die Protokolldaten nur f\u00fcr statistische Auswertungen zum Zweck des Betriebs, der Sicherheit und der Optimierung des Angebotes. Der Anbieter beh\u00e4lt sich jedoch vor, die Protokolldaten nachtr\u00e4glich zu \u00fcberpr\u00fcfen, wenn aufgrund konkreter Anhaltspunkte der berechtigte Verdacht einer rechtswidrigen Nutzung besteht.<\/p>\n<p class=\"bodytext\"><strong>Kontaktaufnahme:<\/strong><br \/>Bei der Kontaktaufnahme mit dem Anbieter (zum Beispiel per Kontaktformular oder E-Mail) werden die Angaben des Nutzers zwecks Bearbeitung der Anfrage sowie f\u00fcr den Fall, dass Anschlussfragen entstehen, gespeichert.<\/p>\n<p class=\"bodytext\"><strong>Cookies:<\/strong><br \/>Wenn Nutzer das Angebot aufrufen, werden ein oder mehrere Cookies auf seinem Rechner gespeichert. Ein Cookie ist eine kleine Datei, die eine bestimmte Zeichenfolge enth\u00e4lt und Ihren Browser eindeutig identifiziert. Mit Hilfe von Cookies verbessert der Anbieter den Komfort und die Qualit\u00e4t seines Services, indem zum Beispiel Nutzereinstellungen gespeichert werden. Cookies richten auf dem Rechner der Nutzer keinen Schaden an und enthalten keine Viren.<\/p>\n<p class=\"bodytext\">Eine Nutzung des Angebots ist auch ohne Cookies m\u00f6glich. Nutzer k\u00f6nnen in Ihrem Browser das Speichern von Cookies deaktivieren, auf bestimmte Websites beschr\u00e4nken oder ihren Browser so einstellen, dass er sie benachrichtigt, bevor ein Cookie gespeichert wird. Sie k\u00f6nnen die Cookies \u00fcber die Datenschutzfunktionen ihres Browsers jederzeit von der Festplatte ihres Rechners l\u00f6schen. In diesem Fall k\u00f6nnten die Funktionen und die Benutzerfreundlichkeit des Angebots eingeschr\u00e4nkt werden.<\/p>\n<p class=\"bodytext\"><strong>Umgang mit den Daten des Nutzers:<\/strong><br \/>Bei der Erhebung, Verarbeitung und Nutzung der Daten des Nutzers ist der Anbieter stets bem\u00fcht, die Vorgaben der gesetzlichen Regelungen zum Datenschutz bestm\u00f6glich umzusetzen. Daher wird eine Verarbeitung vor deren erstmaligem Einsatz dem betrieblichen Datenschutzbeauftragten gepr\u00fcft. Die beim Anbieter t\u00e4tigen Personen werden auf das Datengeheimnis verpflichtet.<\/p>\n<p class=\"bodytext\"><strong>Einschaltung von Dienstleistern:<\/strong><br \/>Sofern der Anbieter Dienstleister mit der Erledigung von Arbeiten f\u00fcr das Unternehmen betraut, wenn diese vertraglich dazu verpflichtet, die Datenschutzstandards einzuhalten.<\/p>\n<p class=\"bodytext\"><strong>Weitergabe von Daten:<\/strong><br \/>Personenbezogene Daten, die der Nutzer dem Anbieter zur Verf\u00fcgung gestellt hat, werden nicht an andere Unternehmen weitergegeben. Ausnahmsweise kann der Anbieter aufgrund gesetzlicher Vorgaben oder richterlicher Beschl\u00fcsse dazu gezwungen sein, personenbezogene Daten an staatliche Stellen weiterzugeben. In diesem Fall kann der Nutzer darauf vertrauen, dass die Zul\u00e4ssigkeit der Weitergabe gepr\u00fcft wird.<\/p>\n<p class=\"bodytext\"><strong>Widerruf, \u00c4nderungen, Berichtigungen und Aktualisierungen<\/strong>:<br \/>Der Nutzer hat das Recht, auf Antrag unentgeltlich Auskunft zu erhalten \u00fcber die personenbezogenen Daten, die \u00fcber ihn gespeichert wurden. Zus\u00e4tzlich hat der Nutzer das Recht auf Berichtigung unrichtiger Daten, Sperrung und L\u00f6schung seiner personenbezogenen Daten, soweit dem keine gesetzliche Aufbewahrungspflicht entgegensteht.<\/p>\n<p class=\"bodytext\"><strong>Statistische Auswertung | Google Analytics:<\/strong><br \/>Evkb.de nutzt die Google Analytics, einen Webanalysedienst der Google Inc., um Zugriffe durch Besucher statistisch auszuwerten. Diese Auswertung gibt unter anderem Auskunft \u00fcber das Nutzerverhalten auf evkb.de, die verwendeten Suchmaschinen und Suchbegriffe, mit denen unsere Seite erreicht wurde. Google Analytics verwendet sogenannte Cookies, Textdateien, die auf dem Computer des Nutzers gespeichert werden und es evkb.de erlauben, einen Nutzer anhand einer Nummer wiederzuerkennen, ohne dessen pers\u00f6nliche Identit\u00e4t zu kennen. Die auf diese Weise generierten Informationen \u00fcber die Nutzung dieser Internetseite werden in der Regel an einen Server von Google in den Vereinigten Staaten von Amerika (USA) \u00fcbertragen und dort gespeichert. Im Falle der Aktivierung der IP-Anonymisierung auf dieser Internetseite wird Ihre IP-Adresse von Google jedoch innerhalb von Mitgliedstaaten der Europ\u00e4ischen Union oder in anderen Vertragsstaaten des Abkommens \u00fcber den Europ\u00e4ischen Wirtschaftsraum zuvor gek\u00fcrzt. Nur in Ausnahmef\u00e4llen wird die volle IP-Adresse an einen Server von Google in den USA \u00fcbertragen und dort gek\u00fcrzt. Mit diesen Informationen wird durch Google die Nutzung der Website ausgewertet, um f\u00fcr evkb.de Reports \u00fcber die Websiteaktivit\u00e4ten zusammenzustellen. Die Nutzung von Cookies l\u00e4sst sich im Internetbrowser des Nutzers deaktivieren. Bei Deaktivierung der Cookies sind eventuell nicht s\u00e4mtliche Funktionen dieser Website in vollem Umfang nutzbar.<\/p>\n<p class=\"bodytext\"><strong>Verbesserungsvorschl\u00e4ge, Beschwerden<\/strong>:<br \/>Sollte der Betroffene bzw. Nutzer Verbesserungsvorschl\u00e4ge haben oder sich beschweren wollen, so bitten wir um Kontaktaufnahme mit dem betrieblichen Datenschutzbeauftragten:<\/p>\n<p class=\"bodytext\">Mario Haase<br \/>Friedrichstr. 15<br \/>33824 Werther<br \/>Tel.: +49 170.1465434<br \/>E-Mail: <a href=\"mailto:mail@mario-haase.de\">mail@mario-haase.de<\/a><\/p>\n<\/div>\n<p>[\/et_pb_text][\/et_pb_column][\/et_pb_row][\/et_pb_section]<\/p>\n","protected":false},"excerpt":{"rendered":"<p>Rechtlicher Hinweis nach \u00a7 5 Telemediengesetz (TMG) und \u00a7 55 Staatsvertrag \u00fcber Rundfunk und Telemedien (RStV) Datenschutz Geltungsbereich:Diese Datenschutzerkl\u00e4rung kl\u00e4rt Nutzer \u00fcber die Art, den Umfang und Zwecke der Erhebung und Verwendung personenbezogener Daten durch den verantwortlichen Anbieter Mario HaaseFriedrichstr. 1533824 WertherTel.: +49 170.1465434E-Mail: mail@mario-haase.de Zugriffsdaten \/ Server-Logfiles:Der Anbieter (beziehungsweise sein Webspace-Provider) erhebt Daten \u00fcber [&hellip;]<\/p>\n","protected":false},"author":1,"featured_media":0,"parent":0,"menu_order":0,"comment_status":"closed","ping_status":"closed","template":"","meta":{"_et_pb_use_builder":"on","_et_pb_old_content":"<div id=\"c8281\" class=\"csc-default\">\n<h4>Rechtlicher Hinweis nach \u00a7 5 Telemediengesetz (TMG) und \u00a7 55 Staatsvertrag \u00fcber Rundfunk und Telemedien (RStV)<\/h4>\n<\/div>\n<div id=\"c8283\" class=\"csc-default\">\n<div class=\"csc-header csc-header-n2\">\n<h1>Datenschutz<\/h1>\n<\/div>\n<p class=\"bodytext\"><strong>Geltungsbereich:<\/strong>\nDiese Datenschutzerkl\u00e4rung kl\u00e4rt Nutzer \u00fcber die Art, den Umfang und Zwecke der Erhebung und Verwendung personenbezogener Daten durch den verantwortlichen Anbieter<\/p>\n<p class=\"bodytext\">Mario Haase\nFriedrichstr. 15\n33824 Werther\nTel.: +49 170.1465434\nE-Mail: <a href=\"mailto:mail@mario-haase.de\">mail@mario-haase.de<\/a><\/p>\n<p class=\"bodytext\"><strong>Zugriffsdaten \/ Server-Logfiles:<\/strong>\nDer Anbieter (beziehungsweise sein Webspace-Provider) erhebt Daten \u00fcber jeden Zugriff auf das Angebot (so genannte Serverlogfiles). Zu den Zugriffsdaten geh\u00f6ren:<\/p>\n<p class=\"bodytext\">Name der abgerufenen Webseite, Datei, Datum und Uhrzeit des Abrufs, \u00fcbertragene Datenmenge, Meldung \u00fcber erfolgreichen Abruf, Browsertyp nebst Version, das Betriebssystem des Nutzers, Referrer URL (die zuvor besuchte Seite), IP-Adresse und der anfragende Provider.<\/p>\n<p class=\"bodytext\">Der Anbieter verwendet die Protokolldaten nur f\u00fcr statistische Auswertungen zum Zweck des Betriebs, der Sicherheit und der Optimierung des Angebotes. Der Anbieter beh\u00e4lt sich jedoch vor, die Protokolldaten nachtr\u00e4glich zu \u00fcberpr\u00fcfen, wenn aufgrund konkreter Anhaltspunkte der berechtigte Verdacht einer rechtswidrigen Nutzung besteht.<\/p>\n<p class=\"bodytext\"><strong>Kontaktaufnahme:<\/strong>\nBei der Kontaktaufnahme mit dem Anbieter (zum Beispiel per Kontaktformular oder E-Mail) werden die Angaben des Nutzers zwecks Bearbeitung der Anfrage sowie f\u00fcr den Fall, dass Anschlussfragen entstehen, gespeichert.<\/p>\n<p class=\"bodytext\"><strong>Cookies:<\/strong>\nWenn Nutzer das Angebot aufrufen, werden ein oder mehrere Cookies auf seinem Rechner gespeichert. Ein Cookie ist eine kleine Datei, die eine bestimmte Zeichenfolge enth\u00e4lt und Ihren Browser eindeutig identifiziert. Mit Hilfe von Cookies verbessert der Anbieter den Komfort und die Qualit\u00e4t seines Services, indem zum Beispiel Nutzereinstellungen gespeichert werden. Cookies richten auf dem Rechner der Nutzer keinen Schaden an und enthalten keine Viren.<\/p>\n<p class=\"bodytext\">Eine Nutzung des Angebots ist auch ohne Cookies m\u00f6glich. Nutzer k\u00f6nnen in Ihrem Browser das Speichern von Cookies deaktivieren, auf bestimmte Websites beschr\u00e4nken oder ihren Browser so einstellen, dass er sie benachrichtigt, bevor ein Cookie gespeichert wird. Sie k\u00f6nnen die Cookies \u00fcber die Datenschutzfunktionen ihres Browsers jederzeit von der Festplatte ihres Rechners l\u00f6schen. In diesem Fall k\u00f6nnten die Funktionen und die Benutzerfreundlichkeit des Angebots eingeschr\u00e4nkt werden.<\/p>\n<p class=\"bodytext\"><strong>Umgang mit den Daten des Nutzers:<\/strong>\nBei der Erhebung, Verarbeitung und Nutzung der Daten des Nutzers ist der Anbieter stets bem\u00fcht, die Vorgaben der gesetzlichen Regelungen zum Datenschutz bestm\u00f6glich umzusetzen. Daher wird eine Verarbeitung vor deren erstmaligem Einsatz dem betrieblichen Datenschutzbeauftragten gepr\u00fcft. Die beim Anbieter t\u00e4tigen Personen werden auf das Datengeheimnis verpflichtet.<\/p>\n<p class=\"bodytext\"><strong>Einschaltung von Dienstleistern:<\/strong>\nSofern der Anbieter Dienstleister mit der Erledigung von Arbeiten f\u00fcr das Unternehmen betraut, wenn diese vertraglich dazu verpflichtet, die Datenschutzstandards einzuhalten.<\/p>\n<p class=\"bodytext\"><strong>Weitergabe von Daten:<\/strong>\nPersonenbezogene Daten, die der Nutzer dem Anbieter zur Verf\u00fcgung gestellt hat, werden nicht an andere Unternehmen weitergegeben. Ausnahmsweise kann der Anbieter aufgrund gesetzlicher Vorgaben oder richterlicher Beschl\u00fcsse dazu gezwungen sein, personenbezogene Daten an staatliche Stellen weiterzugeben. In diesem Fall kann der Nutzer darauf vertrauen, dass die Zul\u00e4ssigkeit der Weitergabe gepr\u00fcft wird.<\/p>\n<p class=\"bodytext\"><strong>Widerruf, \u00c4nderungen, Berichtigungen und Aktualisierungen<\/strong>:\nDer Nutzer hat das Recht, auf Antrag unentgeltlich Auskunft zu erhalten \u00fcber die personenbezogenen Daten, die \u00fcber ihn gespeichert wurden. Zus\u00e4tzlich hat der Nutzer das Recht auf Berichtigung unrichtiger Daten, Sperrung und L\u00f6schung seiner personenbezogenen Daten, soweit dem keine gesetzliche Aufbewahrungspflicht entgegensteht.<\/p>\n<p class=\"bodytext\"><strong>Statistische Auswertung | Google Analytics:<\/strong>\nEvkb.de nutzt die Google Analytics, einen Webanalysedienst der Google Inc., um Zugriffe durch Besucher statistisch auszuwerten. Diese Auswertung gibt unter anderem Auskunft \u00fcber das Nutzerverhalten auf evkb.de, die verwendeten Suchmaschinen und Suchbegriffe, mit denen unsere Seite erreicht wurde. Google Analytics verwendet sogenannte Cookies, Textdateien, die auf dem Computer des Nutzers gespeichert werden und es evkb.de erlauben, einen Nutzer anhand einer Nummer wiederzuerkennen, ohne dessen pers\u00f6nliche Identit\u00e4t zu kennen. Die auf diese Weise generierten Informationen \u00fcber die Nutzung dieser Internetseite werden in der Regel an einen Server von Google in den Vereinigten Staaten von Amerika (USA) \u00fcbertragen und dort gespeichert. Im Falle der Aktivierung der IP-Anonymisierung auf dieser Internetseite wird Ihre IP-Adresse von Google jedoch innerhalb von Mitgliedstaaten der Europ\u00e4ischen Union oder in anderen Vertragsstaaten des Abkommens \u00fcber den Europ\u00e4ischen Wirtschaftsraum zuvor gek\u00fcrzt. Nur in Ausnahmef\u00e4llen wird die volle IP-Adresse an einen Server von Google in den USA \u00fcbertragen und dort gek\u00fcrzt. Mit diesen Informationen wird durch Google die Nutzung der Website ausgewertet, um f\u00fcr evkb.de Reports \u00fcber die Websiteaktivit\u00e4ten zusammenzustellen. Die Nutzung von Cookies l\u00e4sst sich im Internetbrowser des Nutzers deaktivieren. Bei Deaktivierung der Cookies sind eventuell nicht s\u00e4mtliche Funktionen dieser Website in vollem Umfang nutzbar.<\/p>\n<p class=\"bodytext\"><strong>Verbesserungsvorschl\u00e4ge, Beschwerden<\/strong>:\nSollte der Betroffene bzw. Nutzer Verbesserungsvorschl\u00e4ge haben oder sich beschweren wollen, so bitten wir um Kontaktaufnahme mit dem betrieblichen Datenschutzbeauftragten:<\/p>\n<p class=\"bodytext\">Mario Haase\nFriedrichstr. 15\n33824 Werther\nTel.: +49 170.1465434\nE-Mail: <a href=\"mailto:mhaase35@bitel.net\">mhaase35@bitel.net<\/a><\/p>\n\n<\/div>","_et_gb_content_width":"","footnotes":""},"class_list":["post-1361","page","type-page","status-publish","hentry"],"_links":{"self":[{"href":"https:\/\/haase-onscreen.de\/index.php?rest_route=\/wp\/v2\/pages\/1361","targetHints":{"allow":["GET"]}}],"collection":[{"href":"https:\/\/haase-onscreen.de\/index.php?rest_route=\/wp\/v2\/pages"}],"about":[{"href":"https:\/\/haase-onscreen.de\/index.php?rest_route=\/wp\/v2\/types\/page"}],"author":[{"embeddable":true,"href":"https:\/\/haase-onscreen.de\/index.php?rest_route=\/wp\/v2\/users\/1"}],"replies":[{"embeddable":true,"href":"https:\/\/haase-onscreen.de\/index.php?rest_route=%2Fwp%2Fv2%2Fcomments&post=1361"}],"version-history":[{"count":4,"href":"https:\/\/haase-onscreen.de\/index.php?rest_route=\/wp\/v2\/pages\/1361\/revisions"}],"predecessor-version":[{"id":1916,"href":"https:\/\/haase-onscreen.de\/index.php?rest_route=\/wp\/v2\/pages\/1361\/revisions\/1916"}],"wp:attachment":[{"href":"https:\/\/haase-onscreen.de\/index.php?rest_route=%2Fwp%2Fv2%2Fmedia&parent=1361"}],"curies":[{"name":"wp","href":"https:\/\/api.w.org\/{rel}","templated":true}]}}